{"id":1931,"date":"2025-07-01T12:34:27","date_gmt":"2025-07-01T12:34:27","guid":{"rendered":"https:\/\/tallinnvista.ee\/kontakt\/"},"modified":"2025-12-03T12:27:07","modified_gmt":"2025-12-03T12:27:07","slug":"yhteystiedot","status":"publish","type":"page","link":"https:\/\/tallinnvista.ee\/fi\/yhteystiedot\/","title":{"rendered":"Yhteystiedot"},"content":{"rendered":"\t\t<div data-elementor-type=\"wp-page\" data-elementor-id=\"1931\" class=\"elementor elementor-1931 elementor-1011\">\n\t\t\t\t<div class=\"elementor-element elementor-element-c970fec e-flex e-con-boxed e-con e-parent\" data-id=\"c970fec\" data-element_type=\"container\" data-e-type=\"container\">\n\t\t\t\t\t<div class=\"e-con-inner\">\n\t\t\t\t<div class=\"elementor-element elementor-element-1caf811 elementor-widget elementor-widget-text-editor\" data-id=\"1caf811\" data-element_type=\"widget\" data-e-type=\"widget\" data-widget_type=\"text-editor.default\">\n\t\t\t\t<div class=\"elementor-widget-container\">\n\t\t\t\t\t\t\t\t\t<p style=\"text-align: center;\">Ota meihin yhteytt\u00e4 varauksen tekemiseksi.<\/p>\t\t\t\t\t\t\t\t<\/div>\n\t\t\t\t<\/div>\n\t\t\t\t\t<\/div>\n\t\t\t\t<\/div>\n\t\t<div class=\"elementor-element elementor-element-3e4f7dba e-flex e-con-boxed e-con e-parent\" data-id=\"3e4f7dba\" data-element_type=\"container\" data-e-type=\"container\">\n\t\t\t\t\t<div class=\"e-con-inner\">\n\t\t<div class=\"elementor-element elementor-element-7c9d2b10 e-con-full e-flex e-con e-child\" data-id=\"7c9d2b10\" data-element_type=\"container\" data-e-type=\"container\">\n\t\t\t\t<div class=\"elementor-element elementor-element-551cb2ff elementor-widget elementor-widget-text-editor\" data-id=\"551cb2ff\" data-element_type=\"widget\" data-e-type=\"widget\" data-widget_type=\"text-editor.default\">\n\t\t\t\t<div class=\"elementor-widget-container\">\n\t\t\t\t\t\t\t\t\t<h3>T\u00e4ydellinen valinta kaikille, jotka odottavat enemm\u00e4n kuin tavallista iltaa<\/h3><p><strong>Tiimit ja yritykset<\/strong> \u2013 tiimitapahtumat, seminaarit, koulutukset<\/p><p><strong>Yst\u00e4v\u00e4t ja perheet<\/strong> \u2013 syntym\u00e4p\u00e4iv\u00e4t, merkkip\u00e4iv\u00e4t, erityiset tilaisuudet<\/p><p><strong>Kulttuurin ja el\u00e4mysten yst\u00e4v\u00e4t<\/strong> \u2013 heille, jotka etsiv\u00e4t jotain enemm\u00e4n kuin tavallisen ravintolaillan<\/p><p>Illalliset ja juhla-ateriat kest\u00e4v\u00e4t yleens\u00e4 2\u20134 tuntia toiveidesi mukaan.<\/p><p><strong>Vistan tilojen saatavuus on rajallinen \u2013 pyyd\u00e4 tarjous jo t\u00e4n\u00e4\u00e4n!<\/strong><\/p>\t\t\t\t\t\t\t\t<\/div>\n\t\t\t\t<\/div>\n\t\t\t\t<div class=\"elementor-element elementor-element-f605343 elementor-widget elementor-widget-text-editor\" data-id=\"f605343\" data-element_type=\"widget\" data-e-type=\"widget\" data-widget_type=\"text-editor.default\">\n\t\t\t\t<div class=\"elementor-widget-container\">\n\t\t\t\t\t\t\t\t\t<h3>Miten varata?<\/h3><p>Oletko valmis luomaan unohtumattoman tilaisuuden?<\/p><p>T\u00e4yt\u00e4 nopea varauslomake, niin l\u00e4het\u00e4mme sinulle juuri sinun tarpeisiisi sopivan ratkaisun!<\/p><p><strong>Pyyd\u00e4 tarjous jo t\u00e4n\u00e4\u00e4n!<\/strong><\/p><p><strong>Sijainti:<\/strong>\u00a0Raekoja plats 5, Tallinna. N\u00e4kym\u00e4 Tallinnan vanhaankaupunkiin ja Raatihuoneentorille.<\/p><p>Yhteystiedot:\u00a0<a href=\"mailto:info@tallinnvista.ee\">info@tallinnvista.ee<\/a><\/p><p>L\u00e4het\u00e4 meille tarjouspyynt\u00f6si.<\/p>\t\t\t\t\t\t\t\t<\/div>\n\t\t\t\t<\/div>\n\t\t\t\t<\/div>\n\t\t<div class=\"elementor-element elementor-element-506182ff e-con-full e-flex e-con e-child\" data-id=\"506182ff\" data-element_type=\"container\" data-e-type=\"container\">\n\t\t\t\t<div class=\"elementor-element elementor-element-33d603c3 elementor-widget elementor-widget-html\" data-id=\"33d603c3\" data-element_type=\"widget\" data-e-type=\"widget\" data-widget_type=\"html.default\">\n\t\t\t\t<div class=\"elementor-widget-container\">\n\t\t\t\t\t\n<div class=\"wpcf7 no-js\" id=\"wpcf7-f2046-o1\" lang=\"fi\" dir=\"ltr\" data-wpcf7-id=\"2046\">\n<div class=\"screen-reader-response\"><p role=\"status\" aria-live=\"polite\" aria-atomic=\"true\"><\/p> <ul><\/ul><\/div>\n<form action=\"\/fi\/wp-json\/wp\/v2\/pages\/1931#wpcf7-f2046-o1\" method=\"post\" class=\"wpcf7-form init\" aria-label=\"Yhteydenottolomake\" novalidate=\"novalidate\" data-status=\"init\">\n<fieldset class=\"hidden-fields-container\"><input type=\"hidden\" name=\"_wpcf7\" value=\"2046\" \/><input type=\"hidden\" name=\"_wpcf7_version\" value=\"6.1.5\" \/><input type=\"hidden\" name=\"_wpcf7_locale\" value=\"fi\" \/><input type=\"hidden\" name=\"_wpcf7_unit_tag\" value=\"wpcf7-f2046-o1\" \/><input type=\"hidden\" name=\"_wpcf7_container_post\" value=\"0\" \/><input type=\"hidden\" name=\"_wpcf7_posted_data_hash\" value=\"\" \/><input type=\"hidden\" name=\"_wpcf7_recaptcha_response\" value=\"\" \/>\n<\/fieldset>\n<p><label> Nimesi<br \/>\n<span class=\"wpcf7-form-control-wrap\" data-name=\"your-name\"><input size=\"40\" maxlength=\"400\" class=\"wpcf7-form-control wpcf7-text wpcf7-validates-as-required\" aria-required=\"true\" aria-invalid=\"false\" value=\"\" type=\"text\" name=\"your-name\" \/><\/span> <\/label>\n<\/p>\n<p><label> S\u00e4hk\u00f6posti:<br \/>\n<span class=\"wpcf7-form-control-wrap\" data-name=\"your-email\"><input size=\"40\" maxlength=\"400\" class=\"wpcf7-form-control wpcf7-email wpcf7-validates-as-required wpcf7-text wpcf7-validates-as-email\" aria-required=\"true\" aria-invalid=\"false\" value=\"\" type=\"email\" name=\"your-email\" \/><\/span> <\/label>\n<\/p>\n<p><label> Puhelinnumero<br \/>\n<span class=\"wpcf7-form-control-wrap\" data-name=\"phone\"><input size=\"40\" maxlength=\"400\" class=\"wpcf7-form-control wpcf7-tel wpcf7-validates-as-required wpcf7-text wpcf7-validates-as-tel\" aria-required=\"true\" aria-invalid=\"false\" value=\"\" type=\"tel\" name=\"phone\" \/><\/span> <\/label>\n<\/p>\n<p><label> Kuvaile tilaisuutta<br \/>\n<span class=\"wpcf7-form-control-wrap\" data-name=\"ppl-syndmus\"><input size=\"40\" maxlength=\"400\" class=\"wpcf7-form-control wpcf7-text\" aria-invalid=\"false\" value=\"\" type=\"text\" name=\"ppl-syndmus\" \/><\/span> <\/label>\n<\/p>\n<p><label> Henkil\u00f6m\u00e4\u00e4r\u00e4<br \/>\n<span class=\"wpcf7-form-control-wrap\" data-name=\"ppl-number\"><input class=\"wpcf7-form-control wpcf7-number wpcf7-validates-as-number\" aria-invalid=\"false\" value=\"\" type=\"number\" name=\"ppl-number\" \/><\/span> <\/label>\n<\/p>\n<p><label> Budjetti (Minimilaskutus on 1240 \u20ac, sis\u00e4lt\u00e4en tarjoilun)<br \/>\n<span class=\"wpcf7-form-control-wrap\" data-name=\"your-budget\"><input size=\"40\" maxlength=\"400\" class=\"wpcf7-form-control wpcf7-text wpcf7-validates-as-required\" aria-required=\"true\" aria-invalid=\"false\" value=\"\" type=\"text\" name=\"your-budget\" \/><\/span> <\/label>\n<\/p>\n<p><label> P\u00e4iv\u00e4m\u00e4\u00e4r\u00e4<br \/>\n<span class=\"wpcf7-form-control-wrap\" data-name=\"date-836\"><input class=\"wpcf7-form-control wpcf7-date wpcf7-validates-as-date\" aria-invalid=\"false\" value=\"\" type=\"date\" name=\"date-836\" \/><\/span> <\/label>\n<\/p>\n<p><label> Lis\u00e4tiedot<br \/>\n<span class=\"wpcf7-form-control-wrap\" data-name=\"your-message\"><textarea cols=\"40\" rows=\"10\" maxlength=\"2000\" class=\"wpcf7-form-control wpcf7-textarea\" aria-invalid=\"false\" name=\"your-message\"><\/textarea><\/span> <\/label>\n<\/p>\n<p><span class=\"wpcf7-form-control-wrap\" data-name=\"acceptance-573\"><span class=\"wpcf7-form-control wpcf7-acceptance\"><span class=\"wpcf7-list-item\"><label><input type=\"checkbox\" name=\"acceptance-573\" value=\"1\" aria-invalid=\"false\" \/><span class=\"wpcf7-list-item-label\">Hyv\u00e4ksyn ehdot<\/span><\/label><\/span><\/span><\/span>\n<\/p>\n<p><input class=\"wpcf7-form-control wpcf7-submit has-spinner\" type=\"submit\" value=\"L\u00e4het\u00e4\" \/>\n<\/p><div class=\"wpcf7-response-output\" aria-hidden=\"true\"><\/div>\n<\/form>\n<\/div>\n\t\t\t\t<\/div>\n\t\t\t\t<\/div>\n\t\t\t\t<\/div>\n\t\t\t\t\t<\/div>\n\t\t\t\t<\/div>\n\t\t\t\t<\/div>\n\t\t","protected":false},"excerpt":{"rendered":"<p>Ota meihin yhteytt\u00e4 varauksen tekemiseksi. T\u00e4ydellinen valinta kaikille, jotka odottavat enemm\u00e4n kuin tavallista iltaa Tiimit ja yritykset \u2013 tiimitapahtumat, seminaarit, koulutukset Yst\u00e4v\u00e4t ja perheet \u2013 syntym\u00e4p\u00e4iv\u00e4t, merkkip\u00e4iv\u00e4t, erityiset tilaisuudet Kulttuurin ja el\u00e4mysten yst\u00e4v\u00e4t \u2013 heille, jotka etsiv\u00e4t jotain enemm\u00e4n kuin tavallisen ravintolaillan Illalliset ja juhla-ateriat kest\u00e4v\u00e4t yleens\u00e4 2\u20134 tuntia toiveidesi mukaan. Vistan tilojen saatavuus on [&hellip;]<\/p>\n","protected":false},"author":2,"featured_media":1517,"parent":0,"menu_order":0,"comment_status":"closed","ping_status":"closed","template":"","meta":{"footnotes":""},"class_list":["post-1931","page","type-page","status-publish","has-post-thumbnail","hentry"],"blocksy_meta":[],"_links":{"self":[{"href":"https:\/\/tallinnvista.ee\/fi\/wp-json\/wp\/v2\/pages\/1931","targetHints":{"allow":["GET"]}}],"collection":[{"href":"https:\/\/tallinnvista.ee\/fi\/wp-json\/wp\/v2\/pages"}],"about":[{"href":"https:\/\/tallinnvista.ee\/fi\/wp-json\/wp\/v2\/types\/page"}],"author":[{"embeddable":true,"href":"https:\/\/tallinnvista.ee\/fi\/wp-json\/wp\/v2\/users\/2"}],"replies":[{"embeddable":true,"href":"https:\/\/tallinnvista.ee\/fi\/wp-json\/wp\/v2\/comments?post=1931"}],"version-history":[{"count":9,"href":"https:\/\/tallinnvista.ee\/fi\/wp-json\/wp\/v2\/pages\/1931\/revisions"}],"predecessor-version":[{"id":2101,"href":"https:\/\/tallinnvista.ee\/fi\/wp-json\/wp\/v2\/pages\/1931\/revisions\/2101"}],"wp:featuredmedia":[{"embeddable":true,"href":"https:\/\/tallinnvista.ee\/fi\/wp-json\/wp\/v2\/media\/1517"}],"wp:attachment":[{"href":"https:\/\/tallinnvista.ee\/fi\/wp-json\/wp\/v2\/media?parent=1931"}],"curies":[{"name":"wp","href":"https:\/\/api.w.org\/{rel}","templated":true}]}}