{"id":1938,"date":"2025-10-15T12:53:50","date_gmt":"2025-10-15T12:53:50","guid":{"rendered":"https:\/\/tallinnvista.ee\/eksklusiivne-ohtusook\/"},"modified":"2025-12-03T12:35:21","modified_gmt":"2025-12-03T12:35:21","slug":"eksklusiivisen-illallisen-jarjestaminen","status":"publish","type":"page","link":"https:\/\/tallinnvista.ee\/fi\/palvelut\/eksklusiivisen-illallisen-jarjestaminen\/","title":{"rendered":"Eksklusiivisen illallisen j\u00e4rjest\u00e4minen"},"content":{"rendered":"\t\t<div data-elementor-type=\"wp-page\" data-elementor-id=\"1938\" class=\"elementor elementor-1938 elementor-1354\">\n\t\t\t\t<div class=\"elementor-element elementor-element-374bf023 e-flex e-con-boxed e-con e-parent\" data-id=\"374bf023\" data-element_type=\"container\" data-e-type=\"container\">\n\t\t\t\t\t<div class=\"e-con-inner\">\n\t\t\t\t<div class=\"elementor-element elementor-element-6dce11ec elementor-widget elementor-widget-text-editor\" data-id=\"6dce11ec\" data-element_type=\"widget\" data-e-type=\"widget\" data-widget_type=\"text-editor.default\">\n\t\t\t\t<div class=\"elementor-widget-container\">\n\t\t\t\t\t\t\t\t\t<h2 style=\"text-align: center;\">Eksklusiivisen illallisen j\u00e4rjest\u00e4minen<\/h2><p style=\"text-align: center;\">Vista tarjoaa eksklusiivista illallista varten juhlatiloja, joita luonnehtivat historiallinen tunnelma, huoliteltu tyyli ja erinomainen tarjoilu.<\/p><p style=\"text-align: center;\"><strong>Kaikkien salien ikkunoista avautuu n\u00e4kym\u00e4 Raatihuoneentorille.<\/strong><\/p><p style=\"text-align: center;\">Tutustu <span style=\"text-decoration: underline;\">juhlatiloihin<\/span> tai ota yhteytt\u00e4 ja <span style=\"text-decoration: underline;\">l\u00e4het\u00e4 tarjouspyynt\u00f6<\/span>.<\/p>\t\t\t\t\t\t\t\t<\/div>\n\t\t\t\t<\/div>\n\t\t\t\t\t<\/div>\n\t\t\t\t<\/div>\n\t\t<div class=\"elementor-element elementor-element-325e659c e-flex e-con-boxed e-con e-parent\" data-id=\"325e659c\" data-element_type=\"container\" data-e-type=\"container\">\n\t\t\t\t\t<div class=\"e-con-inner\">\n\t\t\t\t<div class=\"elementor-element elementor-element-3d9be863 gallery-spacing-custom elementor-widget elementor-widget-image-gallery\" data-id=\"3d9be863\" data-element_type=\"widget\" data-e-type=\"widget\" data-widget_type=\"image-gallery.default\">\n\t\t\t\t<div class=\"elementor-widget-container\">\n\t\t\t\t\t\t\t<div class=\"elementor-image-gallery\">\n\t\t\t<div id='gallery-1' class='gallery galleryid-1938 gallery-columns-2 gallery-size-medium_large'><figure class='gallery-item'>\n\t\t\t<div class='gallery-icon landscape'>\n\t\t\t\t<a data-elementor-open-lightbox=\"yes\" data-elementor-lightbox-slideshow=\"3d9be863\" data-elementor-lightbox-title=\"10-kohaline-3-vista-peoruum-tallinna-vanalinnas\" data-e-action-hash=\"#elementor-action%3Aaction%3Dlightbox%26settings%3DeyJpZCI6MTU1MCwidXJsIjoiaHR0cHM6XC9cL3RhbGxpbm52aXN0YS5lZVwvd3AtY29udGVudFwvdXBsb2Fkc1wvMjAyNVwvMTBcLzEwLWtvaGFsaW5lLTMtdmlzdGEtcGVvcnV1bS10YWxsaW5uYS12YW5hbGlubmFzLmpwZyIsInNsaWRlc2hvdyI6IjNkOWJlODYzIn0%3D\" href='https:\/\/tallinnvista.ee\/wp-content\/uploads\/2025\/10\/10-kohaline-3-vista-peoruum-tallinna-vanalinnas.jpg'><img fetchpriority=\"high\" decoding=\"async\" width=\"768\" height=\"403\" src=\"https:\/\/tallinnvista.ee\/wp-content\/uploads\/2025\/10\/10-kohaline-3-vista-peoruum-tallinna-vanalinnas-768x403.jpg\" class=\"attachment-medium_large size-medium_large\" alt=\"\" srcset=\"https:\/\/tallinnvista.ee\/wp-content\/uploads\/2025\/10\/10-kohaline-3-vista-peoruum-tallinna-vanalinnas-768x403.jpg 768w, https:\/\/tallinnvista.ee\/wp-content\/uploads\/2025\/10\/10-kohaline-3-vista-peoruum-tallinna-vanalinnas-300x158.jpg 300w, https:\/\/tallinnvista.ee\/wp-content\/uploads\/2025\/10\/10-kohaline-3-vista-peoruum-tallinna-vanalinnas-1024x538.jpg 1024w, https:\/\/tallinnvista.ee\/wp-content\/uploads\/2025\/10\/10-kohaline-3-vista-peoruum-tallinna-vanalinnas-1536x806.jpg 1536w, https:\/\/tallinnvista.ee\/wp-content\/uploads\/2025\/10\/10-kohaline-3-vista-peoruum-tallinna-vanalinnas.jpg 1600w\" sizes=\"(max-width: 768px) 100vw, 768px\" \/><\/a>\n\t\t\t<\/div><\/figure><figure class='gallery-item'>\n\t\t\t<div class='gallery-icon landscape'>\n\t\t\t\t<a data-elementor-open-lightbox=\"yes\" data-elementor-lightbox-slideshow=\"3d9be863\" data-elementor-lightbox-title=\"peoruumide-rent-tallinna-vanalinnas-vista-1\" data-e-action-hash=\"#elementor-action%3Aaction%3Dlightbox%26settings%3DeyJpZCI6MTU2OCwidXJsIjoiaHR0cHM6XC9cL3RhbGxpbm52aXN0YS5lZVwvd3AtY29udGVudFwvdXBsb2Fkc1wvMjAyNVwvMTBcL3Blb3J1dW1pZGUtcmVudC10YWxsaW5uYS12YW5hbGlubmFzLXZpc3RhLTEuanBnIiwic2xpZGVzaG93IjoiM2Q5YmU4NjMifQ%3D%3D\" href='https:\/\/tallinnvista.ee\/wp-content\/uploads\/2025\/10\/peoruumide-rent-tallinna-vanalinnas-vista-1.jpg'><img decoding=\"async\" width=\"768\" height=\"403\" src=\"https:\/\/tallinnvista.ee\/wp-content\/uploads\/2025\/10\/peoruumide-rent-tallinna-vanalinnas-vista-1-768x403.jpg\" class=\"attachment-medium_large size-medium_large\" alt=\"\" srcset=\"https:\/\/tallinnvista.ee\/wp-content\/uploads\/2025\/10\/peoruumide-rent-tallinna-vanalinnas-vista-1-768x403.jpg 768w, https:\/\/tallinnvista.ee\/wp-content\/uploads\/2025\/10\/peoruumide-rent-tallinna-vanalinnas-vista-1-300x158.jpg 300w, https:\/\/tallinnvista.ee\/wp-content\/uploads\/2025\/10\/peoruumide-rent-tallinna-vanalinnas-vista-1-1024x538.jpg 1024w, https:\/\/tallinnvista.ee\/wp-content\/uploads\/2025\/10\/peoruumide-rent-tallinna-vanalinnas-vista-1-1536x806.jpg 1536w, https:\/\/tallinnvista.ee\/wp-content\/uploads\/2025\/10\/peoruumide-rent-tallinna-vanalinnas-vista-1.jpg 1600w\" sizes=\"(max-width: 768px) 100vw, 768px\" \/><\/a>\n\t\t\t<\/div><\/figure><figure class='gallery-item'>\n\t\t\t<div class='gallery-icon landscape'>\n\t\t\t\t<a data-elementor-open-lightbox=\"yes\" data-elementor-lightbox-slideshow=\"3d9be863\" data-elementor-lightbox-title=\"peoruumide-rent-tallinna-vanalinnas-vista-2\" data-e-action-hash=\"#elementor-action%3Aaction%3Dlightbox%26settings%3DeyJpZCI6MTU3MSwidXJsIjoiaHR0cHM6XC9cL3RhbGxpbm52aXN0YS5lZVwvd3AtY29udGVudFwvdXBsb2Fkc1wvMjAyNVwvMTBcL3Blb3J1dW1pZGUtcmVudC10YWxsaW5uYS12YW5hbGlubmFzLXZpc3RhLTIuanBnIiwic2xpZGVzaG93IjoiM2Q5YmU4NjMifQ%3D%3D\" href='https:\/\/tallinnvista.ee\/wp-content\/uploads\/2025\/10\/peoruumide-rent-tallinna-vanalinnas-vista-2.jpg'><img decoding=\"async\" width=\"768\" height=\"403\" src=\"https:\/\/tallinnvista.ee\/wp-content\/uploads\/2025\/10\/peoruumide-rent-tallinna-vanalinnas-vista-2-768x403.jpg\" class=\"attachment-medium_large size-medium_large\" alt=\"\" srcset=\"https:\/\/tallinnvista.ee\/wp-content\/uploads\/2025\/10\/peoruumide-rent-tallinna-vanalinnas-vista-2-768x403.jpg 768w, https:\/\/tallinnvista.ee\/wp-content\/uploads\/2025\/10\/peoruumide-rent-tallinna-vanalinnas-vista-2-300x158.jpg 300w, https:\/\/tallinnvista.ee\/wp-content\/uploads\/2025\/10\/peoruumide-rent-tallinna-vanalinnas-vista-2-1024x538.jpg 1024w, https:\/\/tallinnvista.ee\/wp-content\/uploads\/2025\/10\/peoruumide-rent-tallinna-vanalinnas-vista-2-1536x806.jpg 1536w, https:\/\/tallinnvista.ee\/wp-content\/uploads\/2025\/10\/peoruumide-rent-tallinna-vanalinnas-vista-2.jpg 1600w\" sizes=\"(max-width: 768px) 100vw, 768px\" \/><\/a>\n\t\t\t<\/div><\/figure><figure class='gallery-item'>\n\t\t\t<div class='gallery-icon landscape'>\n\t\t\t\t<a data-elementor-open-lightbox=\"yes\" data-elementor-lightbox-slideshow=\"3d9be863\" data-elementor-lightbox-title=\"30-kohaline-6-vista-peoruum-tallinna-vanalinnas\" data-e-action-hash=\"#elementor-action%3Aaction%3Dlightbox%26settings%3DeyJpZCI6MTU0MSwidXJsIjoiaHR0cHM6XC9cL3RhbGxpbm52aXN0YS5lZVwvd3AtY29udGVudFwvdXBsb2Fkc1wvMjAyNVwvMTBcLzMwLWtvaGFsaW5lLTYtdmlzdGEtcGVvcnV1bS10YWxsaW5uYS12YW5hbGlubmFzLmpwZyIsInNsaWRlc2hvdyI6IjNkOWJlODYzIn0%3D\" href='https:\/\/tallinnvista.ee\/wp-content\/uploads\/2025\/10\/30-kohaline-6-vista-peoruum-tallinna-vanalinnas.jpg'><img loading=\"lazy\" decoding=\"async\" width=\"768\" height=\"403\" src=\"https:\/\/tallinnvista.ee\/wp-content\/uploads\/2025\/10\/30-kohaline-6-vista-peoruum-tallinna-vanalinnas-768x403.jpg\" class=\"attachment-medium_large size-medium_large\" alt=\"\" srcset=\"https:\/\/tallinnvista.ee\/wp-content\/uploads\/2025\/10\/30-kohaline-6-vista-peoruum-tallinna-vanalinnas-768x403.jpg 768w, https:\/\/tallinnvista.ee\/wp-content\/uploads\/2025\/10\/30-kohaline-6-vista-peoruum-tallinna-vanalinnas-300x158.jpg 300w, https:\/\/tallinnvista.ee\/wp-content\/uploads\/2025\/10\/30-kohaline-6-vista-peoruum-tallinna-vanalinnas-1024x538.jpg 1024w, https:\/\/tallinnvista.ee\/wp-content\/uploads\/2025\/10\/30-kohaline-6-vista-peoruum-tallinna-vanalinnas-1536x806.jpg 1536w, https:\/\/tallinnvista.ee\/wp-content\/uploads\/2025\/10\/30-kohaline-6-vista-peoruum-tallinna-vanalinnas.jpg 1600w\" sizes=\"(max-width: 768px) 100vw, 768px\" \/><\/a>\n\t\t\t<\/div><\/figure><figure class='gallery-item'>\n\t\t\t<div class='gallery-icon landscape'>\n\t\t\t\t<a data-elementor-open-lightbox=\"yes\" data-elementor-lightbox-slideshow=\"3d9be863\" data-elementor-lightbox-title=\"30-kohaline-4-vista-peoruum-tallinna-vanalinnas\" data-e-action-hash=\"#elementor-action%3Aaction%3Dlightbox%26settings%3DeyJpZCI6MTUzNSwidXJsIjoiaHR0cHM6XC9cL3RhbGxpbm52aXN0YS5lZVwvd3AtY29udGVudFwvdXBsb2Fkc1wvMjAyNVwvMTBcLzMwLWtvaGFsaW5lLTQtdmlzdGEtcGVvcnV1bS10YWxsaW5uYS12YW5hbGlubmFzLmpwZyIsInNsaWRlc2hvdyI6IjNkOWJlODYzIn0%3D\" href='https:\/\/tallinnvista.ee\/wp-content\/uploads\/2025\/10\/30-kohaline-4-vista-peoruum-tallinna-vanalinnas.jpg'><img loading=\"lazy\" decoding=\"async\" width=\"768\" height=\"403\" src=\"https:\/\/tallinnvista.ee\/wp-content\/uploads\/2025\/10\/30-kohaline-4-vista-peoruum-tallinna-vanalinnas-768x403.jpg\" class=\"attachment-medium_large size-medium_large\" alt=\"\" srcset=\"https:\/\/tallinnvista.ee\/wp-content\/uploads\/2025\/10\/30-kohaline-4-vista-peoruum-tallinna-vanalinnas-768x403.jpg 768w, https:\/\/tallinnvista.ee\/wp-content\/uploads\/2025\/10\/30-kohaline-4-vista-peoruum-tallinna-vanalinnas-300x158.jpg 300w, https:\/\/tallinnvista.ee\/wp-content\/uploads\/2025\/10\/30-kohaline-4-vista-peoruum-tallinna-vanalinnas-1024x538.jpg 1024w, https:\/\/tallinnvista.ee\/wp-content\/uploads\/2025\/10\/30-kohaline-4-vista-peoruum-tallinna-vanalinnas-1536x806.jpg 1536w, https:\/\/tallinnvista.ee\/wp-content\/uploads\/2025\/10\/30-kohaline-4-vista-peoruum-tallinna-vanalinnas.jpg 1600w\" sizes=\"(max-width: 768px) 100vw, 768px\" \/><\/a>\n\t\t\t<\/div><\/figure><figure class='gallery-item'>\n\t\t\t<div class='gallery-icon landscape'>\n\t\t\t\t<a data-elementor-open-lightbox=\"yes\" data-elementor-lightbox-slideshow=\"3d9be863\" data-elementor-lightbox-title=\"30-kohaline-1-vista-peoruum-tallinna-vanalinnas\" data-e-action-hash=\"#elementor-action%3Aaction%3Dlightbox%26settings%3DeyJpZCI6MTUyNiwidXJsIjoiaHR0cHM6XC9cL3RhbGxpbm52aXN0YS5lZVwvd3AtY29udGVudFwvdXBsb2Fkc1wvMjAyNVwvMTBcLzMwLWtvaGFsaW5lLTEtdmlzdGEtcGVvcnV1bS10YWxsaW5uYS12YW5hbGlubmFzLmpwZyIsInNsaWRlc2hvdyI6IjNkOWJlODYzIn0%3D\" href='https:\/\/tallinnvista.ee\/wp-content\/uploads\/2025\/10\/30-kohaline-1-vista-peoruum-tallinna-vanalinnas.jpg'><img loading=\"lazy\" decoding=\"async\" width=\"768\" height=\"403\" src=\"https:\/\/tallinnvista.ee\/wp-content\/uploads\/2025\/10\/30-kohaline-1-vista-peoruum-tallinna-vanalinnas-768x403.jpg\" class=\"attachment-medium_large size-medium_large\" alt=\"\" srcset=\"https:\/\/tallinnvista.ee\/wp-content\/uploads\/2025\/10\/30-kohaline-1-vista-peoruum-tallinna-vanalinnas-768x403.jpg 768w, https:\/\/tallinnvista.ee\/wp-content\/uploads\/2025\/10\/30-kohaline-1-vista-peoruum-tallinna-vanalinnas-300x158.jpg 300w, https:\/\/tallinnvista.ee\/wp-content\/uploads\/2025\/10\/30-kohaline-1-vista-peoruum-tallinna-vanalinnas-1024x538.jpg 1024w, https:\/\/tallinnvista.ee\/wp-content\/uploads\/2025\/10\/30-kohaline-1-vista-peoruum-tallinna-vanalinnas-1536x806.jpg 1536w, https:\/\/tallinnvista.ee\/wp-content\/uploads\/2025\/10\/30-kohaline-1-vista-peoruum-tallinna-vanalinnas.jpg 1600w\" sizes=\"(max-width: 768px) 100vw, 768px\" \/><\/a>\n\t\t\t<\/div><\/figure><figure class='gallery-item'>\n\t\t\t<div class='gallery-icon landscape'>\n\t\t\t\t<a data-elementor-open-lightbox=\"yes\" data-elementor-lightbox-slideshow=\"3d9be863\" data-elementor-lightbox-title=\"50-kohaline-5-vista-peoruum-tallinna-vanalinnas\" data-e-action-hash=\"#elementor-action%3Aaction%3Dlightbox%26settings%3DeyJpZCI6MTUyMywidXJsIjoiaHR0cHM6XC9cL3RhbGxpbm52aXN0YS5lZVwvd3AtY29udGVudFwvdXBsb2Fkc1wvMjAyNVwvMTBcLzUwLWtvaGFsaW5lLTUtdmlzdGEtcGVvcnV1bS10YWxsaW5uYS12YW5hbGlubmFzLmpwZyIsInNsaWRlc2hvdyI6IjNkOWJlODYzIn0%3D\" href='https:\/\/tallinnvista.ee\/wp-content\/uploads\/2025\/10\/50-kohaline-5-vista-peoruum-tallinna-vanalinnas.jpg'><img loading=\"lazy\" decoding=\"async\" width=\"768\" height=\"403\" src=\"https:\/\/tallinnvista.ee\/wp-content\/uploads\/2025\/10\/50-kohaline-5-vista-peoruum-tallinna-vanalinnas-768x403.jpg\" class=\"attachment-medium_large size-medium_large\" alt=\"\" srcset=\"https:\/\/tallinnvista.ee\/wp-content\/uploads\/2025\/10\/50-kohaline-5-vista-peoruum-tallinna-vanalinnas-768x403.jpg 768w, https:\/\/tallinnvista.ee\/wp-content\/uploads\/2025\/10\/50-kohaline-5-vista-peoruum-tallinna-vanalinnas-300x158.jpg 300w, https:\/\/tallinnvista.ee\/wp-content\/uploads\/2025\/10\/50-kohaline-5-vista-peoruum-tallinna-vanalinnas-1024x538.jpg 1024w, https:\/\/tallinnvista.ee\/wp-content\/uploads\/2025\/10\/50-kohaline-5-vista-peoruum-tallinna-vanalinnas-1536x806.jpg 1536w, https:\/\/tallinnvista.ee\/wp-content\/uploads\/2025\/10\/50-kohaline-5-vista-peoruum-tallinna-vanalinnas.jpg 1600w\" sizes=\"(max-width: 768px) 100vw, 768px\" \/><\/a>\n\t\t\t<\/div><\/figure><figure class='gallery-item'>\n\t\t\t<div class='gallery-icon landscape'>\n\t\t\t\t<a data-elementor-open-lightbox=\"yes\" data-elementor-lightbox-slideshow=\"3d9be863\" data-elementor-lightbox-title=\"50-kohaline-2-vista-peoruum-tallinna-vanalinnas\" data-e-action-hash=\"#elementor-action%3Aaction%3Dlightbox%26settings%3DeyJpZCI6MTUxNCwidXJsIjoiaHR0cHM6XC9cL3RhbGxpbm52aXN0YS5lZVwvd3AtY29udGVudFwvdXBsb2Fkc1wvMjAyNVwvMTBcLzUwLWtvaGFsaW5lLTItdmlzdGEtcGVvcnV1bS10YWxsaW5uYS12YW5hbGlubmFzLmpwZyIsInNsaWRlc2hvdyI6IjNkOWJlODYzIn0%3D\" href='https:\/\/tallinnvista.ee\/wp-content\/uploads\/2025\/10\/50-kohaline-2-vista-peoruum-tallinna-vanalinnas.jpg'><img loading=\"lazy\" decoding=\"async\" width=\"768\" height=\"403\" src=\"https:\/\/tallinnvista.ee\/wp-content\/uploads\/2025\/10\/50-kohaline-2-vista-peoruum-tallinna-vanalinnas-768x403.jpg\" class=\"attachment-medium_large size-medium_large\" alt=\"\" srcset=\"https:\/\/tallinnvista.ee\/wp-content\/uploads\/2025\/10\/50-kohaline-2-vista-peoruum-tallinna-vanalinnas-768x403.jpg 768w, https:\/\/tallinnvista.ee\/wp-content\/uploads\/2025\/10\/50-kohaline-2-vista-peoruum-tallinna-vanalinnas-300x158.jpg 300w, https:\/\/tallinnvista.ee\/wp-content\/uploads\/2025\/10\/50-kohaline-2-vista-peoruum-tallinna-vanalinnas-1024x538.jpg 1024w, https:\/\/tallinnvista.ee\/wp-content\/uploads\/2025\/10\/50-kohaline-2-vista-peoruum-tallinna-vanalinnas-1536x806.jpg 1536w, https:\/\/tallinnvista.ee\/wp-content\/uploads\/2025\/10\/50-kohaline-2-vista-peoruum-tallinna-vanalinnas.jpg 1600w\" sizes=\"(max-width: 768px) 100vw, 768px\" \/><\/a>\n\t\t\t<\/div><\/figure>\n\t\t<\/div>\n\t\t<\/div>\n\t\t\t\t\t\t<\/div>\n\t\t\t\t<\/div>\n\t\t\t\t\t<\/div>\n\t\t\t\t<\/div>\n\t\t<div class=\"elementor-element elementor-element-6ada8d41 e-flex e-con-boxed e-con e-parent\" data-id=\"6ada8d41\" data-element_type=\"container\" data-e-type=\"container\" data-settings=\"{&quot;background_background&quot;:&quot;classic&quot;}\">\n\t\t\t\t\t<div class=\"e-con-inner\">\n\t\t\t\t<div class=\"elementor-element elementor-element-5132f367 elementor-widget elementor-widget-text-editor\" data-id=\"5132f367\" data-element_type=\"widget\" data-e-type=\"widget\" data-widget_type=\"text-editor.default\">\n\t\t\t\t<div class=\"elementor-widget-container\">\n\t\t\t\t\t\t\t\t\t<h3 style=\"text-align: center;\">Lis\u00e4\u00e4mme tietoja pian<\/h3>\t\t\t\t\t\t\t\t<\/div>\n\t\t\t\t<\/div>\n\t\t\t\t\t<\/div>\n\t\t\t\t<\/div>\n\t\t<div class=\"elementor-element elementor-element-4fe61252 e-flex e-con-boxed e-con e-parent\" data-id=\"4fe61252\" data-element_type=\"container\" data-e-type=\"container\" data-settings=\"{&quot;background_background&quot;:&quot;classic&quot;}\">\n\t\t\t\t\t<div class=\"e-con-inner\">\n\t\t\t\t<div class=\"elementor-element elementor-element-cdcf3f2 elementor-widget elementor-widget-text-editor\" data-id=\"cdcf3f2\" data-element_type=\"widget\" data-e-type=\"widget\" data-widget_type=\"text-editor.default\">\n\t\t\t\t<div class=\"elementor-widget-container\">\n\t\t\t\t\t\t\t\t\t<h3 style=\"text-align: center;\">Hinta\u00adtiedot<\/h3>\t\t\t\t\t\t\t\t<\/div>\n\t\t\t\t<\/div>\n\t\t\t\t\t<\/div>\n\t\t\t\t<\/div>\n\t\t<div class=\"elementor-element elementor-element-6a716368 e-flex e-con-boxed e-con e-parent\" data-id=\"6a716368\" data-element_type=\"container\" data-e-type=\"container\">\n\t\t\t\t\t<div class=\"e-con-inner\">\n\t\t\t\t<div class=\"elementor-element elementor-element-2caa6742 elementor-widget elementor-widget-text-editor\" data-id=\"2caa6742\" data-element_type=\"widget\" data-e-type=\"widget\" data-widget_type=\"text-editor.default\">\n\t\t\t\t<div class=\"elementor-widget-container\">\n\t\t\t\t\t\t\t\t\t<p style=\"text-align: center;\">Vistan juhlatilojen vuokraus tapahtuu yhdess\u00e4 tarjoilun kanssa. Tilavuokrauksen minimiveloitus on 1240 \u20ac, ja siihen sis\u00e4ltyy tarjoilu alkaen 39 \u20ac per henkil\u00f6.<\/p><p style=\"text-align: center;\">T\u00e4ydellisen pakettivalikoiman ja hintatietojen saamiseksi pyyd\u00e4mme ottamaan meihin yhteytt\u00e4.<\/p>\t\t\t\t\t\t\t\t<\/div>\n\t\t\t\t<\/div>\n\t\t\t\t\t<\/div>\n\t\t\t\t<\/div>\n\t\t<div class=\"elementor-element elementor-element-3d91ca0e e-flex e-con-boxed e-con e-parent\" data-id=\"3d91ca0e\" data-element_type=\"container\" data-e-type=\"container\">\n\t\t\t\t\t<div class=\"e-con-inner\">\n\t\t\t\t\t<\/div>\n\t\t\t\t<\/div>\n\t\t<div class=\"elementor-element elementor-element-6119fcf7 e-flex e-con-boxed e-con e-parent\" data-id=\"6119fcf7\" data-element_type=\"container\" data-e-type=\"container\">\n\t\t\t\t\t<div class=\"e-con-inner\">\n\t\t<div class=\"elementor-element elementor-element-5778b0c0 e-con-full e-flex e-con e-child\" data-id=\"5778b0c0\" data-element_type=\"container\" data-e-type=\"container\">\n\t\t\t\t<div class=\"elementor-element elementor-element-1e13cd55 elementor-widget elementor-widget-text-editor\" data-id=\"1e13cd55\" data-element_type=\"widget\" data-e-type=\"widget\" data-widget_type=\"text-editor.default\">\n\t\t\t\t<div class=\"elementor-widget-container\">\n\t\t\t\t\t\t\t\t\t<h3>T\u00e4ydellinen valinta kaikille, jotka odottavat enemm\u00e4n kuin tavallista iltaa<\/h3><p><strong>Tiimit ja yritykset<\/strong>\u00a0\u2013 tiimitapahtumat, seminaarit, koulutukset<\/p><p><strong>Yst\u00e4v\u00e4t ja perheet<\/strong>\u00a0\u2013 syntym\u00e4p\u00e4iv\u00e4t, merkkip\u00e4iv\u00e4t, erityiset tilaisuudet<\/p><p><strong>Kulttuurin ja el\u00e4mysten yst\u00e4v\u00e4t<\/strong>\u00a0\u2013 heille, jotka etsiv\u00e4t jotain enemm\u00e4n kuin tavallisen ravintolaillan<\/p><p>Illalliset ja juhla-ateriat kest\u00e4v\u00e4t yleens\u00e4 2\u20134 tuntia toiveidesi mukaan.<\/p><p><strong>Vistan tilojen saatavuus on rajallinen \u2013 pyyd\u00e4 tarjous jo t\u00e4n\u00e4\u00e4n!<\/strong><\/p>\t\t\t\t\t\t\t\t<\/div>\n\t\t\t\t<\/div>\n\t\t\t\t<div class=\"elementor-element elementor-element-1417ad30 elementor-widget elementor-widget-text-editor\" data-id=\"1417ad30\" data-element_type=\"widget\" data-e-type=\"widget\" data-widget_type=\"text-editor.default\">\n\t\t\t\t<div class=\"elementor-widget-container\">\n\t\t\t\t\t\t\t\t\t<h3>Miten varata?<\/h3><p>Oletko valmis luomaan unohtumattoman tilaisuuden?<\/p><p>T\u00e4yt\u00e4 nopea varauslomake, niin l\u00e4het\u00e4mme sinulle juuri sinun tarpeisiisi sopivan ratkaisun!<\/p><p><strong>Pyyd\u00e4 tarjous jo t\u00e4n\u00e4\u00e4n!<\/strong><\/p><p><strong>Sijainti:<\/strong>\u00a0Raekoja plats 5, Tallinna. N\u00e4kym\u00e4 Tallinnan vanhaankaupunkiin ja Raatihuoneentorille.<\/p><p>Yhteystiedot:\u00a0<a href=\"mailto:info@tallinnvista.ee\">info@tallinnvista.ee<\/a><\/p><p>L\u00e4het\u00e4 meille tarjouspyynt\u00f6si.<\/p>\t\t\t\t\t\t\t\t<\/div>\n\t\t\t\t<\/div>\n\t\t\t\t<\/div>\n\t\t<div class=\"elementor-element elementor-element-4586570d e-con-full e-flex e-con e-child\" data-id=\"4586570d\" data-element_type=\"container\" data-e-type=\"container\">\n\t\t\t\t<div class=\"elementor-element elementor-element-7a0360a0 elementor-widget elementor-widget-html\" data-id=\"7a0360a0\" data-element_type=\"widget\" data-e-type=\"widget\" data-widget_type=\"html.default\">\n\t\t\t\t<div class=\"elementor-widget-container\">\n\t\t\t\t\t\n<div class=\"wpcf7 no-js\" id=\"wpcf7-f2046-o1\" lang=\"fi\" dir=\"ltr\" data-wpcf7-id=\"2046\">\n<div class=\"screen-reader-response\"><p role=\"status\" aria-live=\"polite\" aria-atomic=\"true\"><\/p> <ul><\/ul><\/div>\n<form action=\"\/fi\/wp-json\/wp\/v2\/pages\/1938#wpcf7-f2046-o1\" method=\"post\" class=\"wpcf7-form init\" aria-label=\"Yhteydenottolomake\" novalidate=\"novalidate\" data-status=\"init\">\n<fieldset class=\"hidden-fields-container\"><input type=\"hidden\" name=\"_wpcf7\" value=\"2046\" \/><input type=\"hidden\" name=\"_wpcf7_version\" value=\"6.1.5\" \/><input type=\"hidden\" name=\"_wpcf7_locale\" value=\"fi\" \/><input type=\"hidden\" name=\"_wpcf7_unit_tag\" value=\"wpcf7-f2046-o1\" \/><input type=\"hidden\" name=\"_wpcf7_container_post\" value=\"0\" \/><input type=\"hidden\" name=\"_wpcf7_posted_data_hash\" value=\"\" \/><input type=\"hidden\" name=\"_wpcf7_recaptcha_response\" value=\"\" \/>\n<\/fieldset>\n<p><label> Nimesi<br \/>\n<span class=\"wpcf7-form-control-wrap\" data-name=\"your-name\"><input size=\"40\" maxlength=\"400\" class=\"wpcf7-form-control wpcf7-text wpcf7-validates-as-required\" aria-required=\"true\" aria-invalid=\"false\" value=\"\" type=\"text\" name=\"your-name\" \/><\/span> <\/label>\n<\/p>\n<p><label> S\u00e4hk\u00f6posti:<br \/>\n<span class=\"wpcf7-form-control-wrap\" data-name=\"your-email\"><input size=\"40\" maxlength=\"400\" class=\"wpcf7-form-control wpcf7-email wpcf7-validates-as-required wpcf7-text wpcf7-validates-as-email\" aria-required=\"true\" aria-invalid=\"false\" value=\"\" type=\"email\" name=\"your-email\" \/><\/span> <\/label>\n<\/p>\n<p><label> Puhelinnumero<br \/>\n<span class=\"wpcf7-form-control-wrap\" data-name=\"phone\"><input size=\"40\" maxlength=\"400\" class=\"wpcf7-form-control wpcf7-tel wpcf7-validates-as-required wpcf7-text wpcf7-validates-as-tel\" aria-required=\"true\" aria-invalid=\"false\" value=\"\" type=\"tel\" name=\"phone\" \/><\/span> <\/label>\n<\/p>\n<p><label> Kuvaile tilaisuutta<br \/>\n<span class=\"wpcf7-form-control-wrap\" data-name=\"ppl-syndmus\"><input size=\"40\" maxlength=\"400\" class=\"wpcf7-form-control wpcf7-text\" aria-invalid=\"false\" value=\"\" type=\"text\" name=\"ppl-syndmus\" \/><\/span> <\/label>\n<\/p>\n<p><label> Henkil\u00f6m\u00e4\u00e4r\u00e4<br \/>\n<span class=\"wpcf7-form-control-wrap\" data-name=\"ppl-number\"><input class=\"wpcf7-form-control wpcf7-number wpcf7-validates-as-number\" aria-invalid=\"false\" value=\"\" type=\"number\" name=\"ppl-number\" \/><\/span> <\/label>\n<\/p>\n<p><label> Budjetti (Minimilaskutus on 1240 \u20ac, sis\u00e4lt\u00e4en tarjoilun)<br \/>\n<span class=\"wpcf7-form-control-wrap\" data-name=\"your-budget\"><input size=\"40\" maxlength=\"400\" class=\"wpcf7-form-control wpcf7-text wpcf7-validates-as-required\" aria-required=\"true\" aria-invalid=\"false\" value=\"\" type=\"text\" name=\"your-budget\" \/><\/span> <\/label>\n<\/p>\n<p><label> P\u00e4iv\u00e4m\u00e4\u00e4r\u00e4<br \/>\n<span class=\"wpcf7-form-control-wrap\" data-name=\"date-836\"><input class=\"wpcf7-form-control wpcf7-date wpcf7-validates-as-date\" aria-invalid=\"false\" value=\"\" type=\"date\" name=\"date-836\" \/><\/span> <\/label>\n<\/p>\n<p><label> Lis\u00e4tiedot<br \/>\n<span class=\"wpcf7-form-control-wrap\" data-name=\"your-message\"><textarea cols=\"40\" rows=\"10\" maxlength=\"2000\" class=\"wpcf7-form-control wpcf7-textarea\" aria-invalid=\"false\" name=\"your-message\"><\/textarea><\/span> <\/label>\n<\/p>\n<p><span class=\"wpcf7-form-control-wrap\" data-name=\"acceptance-573\"><span class=\"wpcf7-form-control wpcf7-acceptance\"><span class=\"wpcf7-list-item\"><label><input type=\"checkbox\" name=\"acceptance-573\" value=\"1\" aria-invalid=\"false\" \/><span class=\"wpcf7-list-item-label\">Hyv\u00e4ksyn ehdot<\/span><\/label><\/span><\/span><\/span>\n<\/p>\n<p><input class=\"wpcf7-form-control wpcf7-submit has-spinner\" type=\"submit\" value=\"L\u00e4het\u00e4\" \/>\n<\/p><div class=\"wpcf7-response-output\" aria-hidden=\"true\"><\/div>\n<\/form>\n<\/div>\n\t\t\t\t<\/div>\n\t\t\t\t<\/div>\n\t\t\t\t<\/div>\n\t\t\t\t\t<\/div>\n\t\t\t\t<\/div>\n\t\t\t\t<\/div>\n\t\t","protected":false},"excerpt":{"rendered":"<p>Eksklusiivisen illallisen j\u00e4rjest\u00e4minen Vista tarjoaa eksklusiivista illallista varten juhlatiloja, joita luonnehtivat historiallinen tunnelma, huoliteltu tyyli ja erinomainen tarjoilu. Kaikkien salien ikkunoista avautuu n\u00e4kym\u00e4 Raatihuoneentorille. Tutustu juhlatiloihin tai ota yhteytt\u00e4 ja l\u00e4het\u00e4 tarjouspyynt\u00f6. Lis\u00e4\u00e4mme tietoja pian Hinta\u00adtiedot Vistan juhlatilojen vuokraus tapahtuu yhdess\u00e4 tarjoilun kanssa. Tilavuokrauksen minimiveloitus on 1240 \u20ac, ja siihen sis\u00e4ltyy tarjoilu alkaen 39 \u20ac [&hellip;]<\/p>\n","protected":false},"author":2,"featured_media":1514,"parent":1959,"menu_order":0,"comment_status":"closed","ping_status":"closed","template":"","meta":{"footnotes":""},"class_list":["post-1938","page","type-page","status-publish","has-post-thumbnail","hentry"],"blocksy_meta":[],"_links":{"self":[{"href":"https:\/\/tallinnvista.ee\/fi\/wp-json\/wp\/v2\/pages\/1938","targetHints":{"allow":["GET"]}}],"collection":[{"href":"https:\/\/tallinnvista.ee\/fi\/wp-json\/wp\/v2\/pages"}],"about":[{"href":"https:\/\/tallinnvista.ee\/fi\/wp-json\/wp\/v2\/types\/page"}],"author":[{"embeddable":true,"href":"https:\/\/tallinnvista.ee\/fi\/wp-json\/wp\/v2\/users\/2"}],"replies":[{"embeddable":true,"href":"https:\/\/tallinnvista.ee\/fi\/wp-json\/wp\/v2\/comments?post=1938"}],"version-history":[{"count":12,"href":"https:\/\/tallinnvista.ee\/fi\/wp-json\/wp\/v2\/pages\/1938\/revisions"}],"predecessor-version":[{"id":2118,"href":"https:\/\/tallinnvista.ee\/fi\/wp-json\/wp\/v2\/pages\/1938\/revisions\/2118"}],"up":[{"embeddable":true,"href":"https:\/\/tallinnvista.ee\/fi\/wp-json\/wp\/v2\/pages\/1959"}],"wp:featuredmedia":[{"embeddable":true,"href":"https:\/\/tallinnvista.ee\/fi\/wp-json\/wp\/v2\/media\/1514"}],"wp:attachment":[{"href":"https:\/\/tallinnvista.ee\/fi\/wp-json\/wp\/v2\/media?parent=1938"}],"curies":[{"name":"wp","href":"https:\/\/api.w.org\/{rel}","templated":true}]}}