{"id":1959,"date":"2025-08-10T09:25:48","date_gmt":"2025-08-10T09:25:48","guid":{"rendered":"https:\/\/tallinnvista.ee\/teenused\/"},"modified":"2025-12-03T12:26:04","modified_gmt":"2025-12-03T12:26:04","slug":"palvelut","status":"publish","type":"page","link":"https:\/\/tallinnvista.ee\/fi\/palvelut\/","title":{"rendered":"Palvelut"},"content":{"rendered":"\t\t<div data-elementor-type=\"wp-page\" data-elementor-id=\"1959\" class=\"elementor elementor-1959 elementor-1285\">\n\t\t\t\t<div class=\"elementor-element elementor-element-71741957 e-flex e-con-boxed e-con e-parent\" data-id=\"71741957\" data-element_type=\"container\" data-e-type=\"container\">\n\t\t\t\t\t<div class=\"e-con-inner\">\n\t\t\t\t<div class=\"elementor-element elementor-element-4e063dda elementor-widget elementor-widget-text-editor\" data-id=\"4e063dda\" data-element_type=\"widget\" data-e-type=\"widget\" data-widget_type=\"text-editor.default\">\n\t\t\t\t<div class=\"elementor-widget-container\">\n\t\t\t\t\t\t\t\t\t<h1 style=\"text-align: center;\">Vistan juhlatilojen palvelut<\/h1><p style=\"text-align: center;\">Tarjoamme k\u00e4ytt\u00f6\u00f6si juhlatiloja, joita luonnehtivat historiallinen tunnelma, huoliteltu tyyli ja erinomainen tarjoilu.<\/p><p style=\"text-align: center;\">Vistan juhlatilojen vuokraus tapahtuu yhdess\u00e4 tarjoilun kanssa.<\/p><p style=\"text-align: center;\">Tilavuokrauksen minimiveloitus on 1240 \u20ac, ja siihen sis\u00e4ltyy tarjoilu alkaen 39 \u20ac per henkil\u00f6.<\/p><p style=\"text-align: center;\">T\u00e4ydellisen pakettivalikoiman ja hintatietojen saamiseksi pyyd\u00e4mme ottamaan meihin yhteytt\u00e4.<\/p>\t\t\t\t\t\t\t\t<\/div>\n\t\t\t\t<\/div>\n\t\t\t\t\t<\/div>\n\t\t\t\t<\/div>\n\t\t<div class=\"elementor-element elementor-element-46fc0c5e e-flex e-con-boxed e-con e-parent\" data-id=\"46fc0c5e\" data-element_type=\"container\" data-e-type=\"container\" data-settings=\"{&quot;background_background&quot;:&quot;classic&quot;}\">\n\t\t\t\t\t<div class=\"e-con-inner\">\n\t\t\t\t<div class=\"elementor-element elementor-element-10d9037b elementor-widget elementor-widget-text-editor\" data-id=\"10d9037b\" data-element_type=\"widget\" data-e-type=\"widget\" data-widget_type=\"text-editor.default\">\n\t\t\t\t<div class=\"elementor-widget-container\">\n\t\t\t\t\t\t\t\t\t<h2 style=\"text-align: center;\">Tutustu Vistan mahdollisuuksiin<\/h2>\t\t\t\t\t\t\t\t<\/div>\n\t\t\t\t<\/div>\n\t\t\t\t\t<\/div>\n\t\t\t\t<\/div>\n\t\t<div class=\"elementor-element elementor-element-1bf79bf e-flex e-con-boxed e-con e-parent\" data-id=\"1bf79bf\" data-element_type=\"container\" data-e-type=\"container\">\n\t\t\t\t\t<div class=\"e-con-inner\">\n\t\t<div class=\"elementor-element elementor-element-63d9724 e-con-full e-flex e-con e-child\" data-id=\"63d9724\" data-element_type=\"container\" data-e-type=\"container\">\n\t\t\t\t<div class=\"elementor-element elementor-element-5a22b46 elementor-widget elementor-widget-text-editor\" data-id=\"5a22b46\" data-element_type=\"widget\" data-e-type=\"widget\" data-widget_type=\"text-editor.default\">\n\t\t\t\t<div class=\"elementor-widget-container\">\n\t\t\t\t\t\t\t\t\t<p style=\"text-align: center;\"><span style=\"text-decoration: underline;\"><a class=\"ct-menu-link\" href=\"https:\/\/tallinnvista.ee\/fi\/palvelut\/syntymapaivan-juhliminen\/\">Syntym\u00e4p\u00e4iv\u00e4n juhliminen<\/a><\/span><\/p>\t\t\t\t\t\t\t\t<\/div>\n\t\t\t\t<\/div>\n\t\t\t\t<\/div>\n\t\t<div class=\"elementor-element elementor-element-7210961 e-con-full e-flex e-con e-child\" data-id=\"7210961\" data-element_type=\"container\" data-e-type=\"container\">\n\t\t\t\t<div class=\"elementor-element elementor-element-9e2f7ac elementor-widget elementor-widget-text-editor\" data-id=\"9e2f7ac\" data-element_type=\"widget\" data-e-type=\"widget\" data-widget_type=\"text-editor.default\">\n\t\t\t\t<div class=\"elementor-widget-container\">\n\t\t\t\t\t\t\t\t\t<p style=\"text-align: center;\"><span style=\"text-decoration: underline;\"><a class=\"ct-menu-link\" href=\"https:\/\/tallinnvista.ee\/fi\/palvelut\/yritysjuhlan-jarjestaminen\/\">Yritysjuhlan j\u00e4rjest\u00e4minen<\/a><\/span><\/p>\t\t\t\t\t\t\t\t<\/div>\n\t\t\t\t<\/div>\n\t\t\t\t<\/div>\n\t\t<div class=\"elementor-element elementor-element-d8e8e12 e-con-full e-flex e-con e-child\" data-id=\"d8e8e12\" data-element_type=\"container\" data-e-type=\"container\">\n\t\t\t\t<div class=\"elementor-element elementor-element-b944df3 elementor-widget elementor-widget-text-editor\" data-id=\"b944df3\" data-element_type=\"widget\" data-e-type=\"widget\" data-widget_type=\"text-editor.default\">\n\t\t\t\t<div class=\"elementor-widget-container\">\n\t\t\t\t\t\t\t\t\t<p style=\"text-align: center;\"><span style=\"text-decoration: underline;\"><a class=\"ct-menu-link\" href=\"https:\/\/tallinnvista.ee\/fi\/palvelut\/juubelijuhlan-vietto-tallinnan-vanhassakaupungissa\/\">Juubelijuhlan vietto Tallinnan vanhassakaupungissa<\/a><\/span><\/p>\t\t\t\t\t\t\t\t<\/div>\n\t\t\t\t<\/div>\n\t\t\t\t<\/div>\n\t\t<div class=\"elementor-element elementor-element-c6fbe89 e-con-full e-flex e-con e-child\" data-id=\"c6fbe89\" data-element_type=\"container\" data-e-type=\"container\">\n\t\t\t\t<div class=\"elementor-element elementor-element-19221b4 elementor-widget elementor-widget-text-editor\" data-id=\"19221b4\" data-element_type=\"widget\" data-e-type=\"widget\" data-widget_type=\"text-editor.default\">\n\t\t\t\t<div class=\"elementor-widget-container\">\n\t\t\t\t\t\t\t\t\t<p style=\"text-align: center;\"><span style=\"text-decoration: underline;\"><a class=\"ct-menu-link\" href=\"https:\/\/tallinnvista.ee\/fi\/palvelut\/sinun-erityinen-tilaisuutesi\/\">Sinun erityinen tilaisuutesi<\/a><\/span><\/p>\t\t\t\t\t\t\t\t<\/div>\n\t\t\t\t<\/div>\n\t\t\t\t<\/div>\n\t\t<div class=\"elementor-element elementor-element-96f0210 e-con-full e-flex e-con e-child\" data-id=\"96f0210\" data-element_type=\"container\" data-e-type=\"container\">\n\t\t\t\t<div class=\"elementor-element elementor-element-8e9b3d1 elementor-widget elementor-widget-text-editor\" data-id=\"8e9b3d1\" data-element_type=\"widget\" data-e-type=\"widget\" data-widget_type=\"text-editor.default\">\n\t\t\t\t<div class=\"elementor-widget-container\">\n\t\t\t\t\t\t\t\t\t<p style=\"text-align: center;\"><span style=\"text-decoration: underline;\"><a class=\"ct-menu-link\" href=\"https:\/\/tallinnvista.ee\/fi\/palvelut\/yrityksen-pikkujoulujen-jarjestaminen\/\">Yrityksen pikkujoulujen j\u00e4rjest\u00e4minen<\/a><\/span><\/p>\t\t\t\t\t\t\t\t<\/div>\n\t\t\t\t<\/div>\n\t\t\t\t<\/div>\n\t\t\t\t\t<\/div>\n\t\t\t\t<\/div>\n\t\t<div class=\"elementor-element elementor-element-9359caf e-flex e-con-boxed e-con e-parent\" data-id=\"9359caf\" data-element_type=\"container\" data-e-type=\"container\">\n\t\t\t\t\t<div class=\"e-con-inner\">\n\t\t<div class=\"elementor-element elementor-element-18f6017 e-con-full e-flex e-con e-child\" data-id=\"18f6017\" data-element_type=\"container\" data-e-type=\"container\">\n\t\t\t\t<\/div>\n\t\t<div class=\"elementor-element elementor-element-b5771c7 e-con-full e-flex e-con e-child\" data-id=\"b5771c7\" data-element_type=\"container\" data-e-type=\"container\">\n\t\t\t\t<\/div>\n\t\t<div class=\"elementor-element elementor-element-58b3f5e e-con-full e-flex e-con e-child\" data-id=\"58b3f5e\" data-element_type=\"container\" data-e-type=\"container\">\n\t\t\t\t<\/div>\n\t\t<div class=\"elementor-element elementor-element-6529551 e-con-full e-flex e-con e-child\" data-id=\"6529551\" data-element_type=\"container\" data-e-type=\"container\">\n\t\t\t\t<\/div>\n\t\t<div class=\"elementor-element elementor-element-b22beb1 e-con-full e-flex e-con e-child\" data-id=\"b22beb1\" data-element_type=\"container\" data-e-type=\"container\">\n\t\t\t\t<\/div>\n\t\t\t\t\t<\/div>\n\t\t\t\t<\/div>\n\t\t<div class=\"elementor-element elementor-element-f52da06 e-flex e-con-boxed e-con e-parent\" data-id=\"f52da06\" data-element_type=\"container\" data-e-type=\"container\" data-settings=\"{&quot;background_background&quot;:&quot;classic&quot;}\">\n\t\t\t\t\t<div class=\"e-con-inner\">\n\t\t\t\t\t<\/div>\n\t\t\t\t<\/div>\n\t\t<div class=\"elementor-element elementor-element-49aca059 e-flex e-con-boxed e-con e-parent\" data-id=\"49aca059\" data-element_type=\"container\" data-e-type=\"container\">\n\t\t\t\t\t<div class=\"e-con-inner\">\n\t\t<div class=\"elementor-element elementor-element-60ae1973 e-con-full e-flex e-con e-child\" data-id=\"60ae1973\" data-element_type=\"container\" data-e-type=\"container\">\n\t\t\t\t<div class=\"elementor-element elementor-element-2983d28d elementor-widget elementor-widget-text-editor\" data-id=\"2983d28d\" data-element_type=\"widget\" data-e-type=\"widget\" data-widget_type=\"text-editor.default\">\n\t\t\t\t<div class=\"elementor-widget-container\">\n\t\t\t\t\t\t\t\t\t<h3>T\u00e4ydellinen valinta kaikille, jotka odottavat enemm\u00e4n kuin tavallista iltaa<\/h3><p><strong>Tiimit ja yritykset<\/strong>\u00a0\u2013 tiimitapahtumat, seminaarit, koulutukset<\/p><p><strong>Yst\u00e4v\u00e4t ja perheet<\/strong>\u00a0\u2013 syntym\u00e4p\u00e4iv\u00e4t, merkkip\u00e4iv\u00e4t, erityiset tilaisuudet<\/p><p><strong>Kulttuurin ja el\u00e4mysten yst\u00e4v\u00e4t<\/strong>\u00a0\u2013 heille, jotka etsiv\u00e4t jotain enemm\u00e4n kuin tavallisen ravintolaillan<\/p><p>Illalliset ja juhla-ateriat kest\u00e4v\u00e4t yleens\u00e4 2\u20134 tuntia toiveidesi mukaan.<\/p><p><strong>Vistan tilojen saatavuus on rajallinen \u2013 pyyd\u00e4 tarjous jo t\u00e4n\u00e4\u00e4n!<\/strong><\/p>\t\t\t\t\t\t\t\t<\/div>\n\t\t\t\t<\/div>\n\t\t\t\t<div class=\"elementor-element elementor-element-6cd0dcbb elementor-widget elementor-widget-text-editor\" data-id=\"6cd0dcbb\" data-element_type=\"widget\" data-e-type=\"widget\" data-widget_type=\"text-editor.default\">\n\t\t\t\t<div class=\"elementor-widget-container\">\n\t\t\t\t\t\t\t\t\t<h3>Miten varata?<\/h3><p>Oletko valmis luomaan unohtumattoman tilaisuuden?<\/p><p>T\u00e4yt\u00e4 nopea varauslomake, niin l\u00e4het\u00e4mme sinulle juuri sinun tarpeisiisi sopivan ratkaisun!<\/p><p><strong>Pyyd\u00e4 tarjous jo t\u00e4n\u00e4\u00e4n!<\/strong><\/p><p><strong>Sijainti:<\/strong>\u00a0Raekoja plats 5, Tallinna. N\u00e4kym\u00e4 Tallinnan vanhaankaupunkiin ja Raatihuoneentorille.<\/p><p>Yhteystiedot:\u00a0<a href=\"mailto:info@tallinnvista.ee\">info@tallinnvista.ee<\/a><\/p><p>L\u00e4het\u00e4 meille tarjouspyynt\u00f6si.<\/p>\t\t\t\t\t\t\t\t<\/div>\n\t\t\t\t<\/div>\n\t\t\t\t<\/div>\n\t\t<div class=\"elementor-element elementor-element-4e17e9f3 e-con-full e-flex e-con e-child\" data-id=\"4e17e9f3\" data-element_type=\"container\" data-e-type=\"container\">\n\t\t\t\t<div class=\"elementor-element elementor-element-579cc6ec elementor-widget elementor-widget-html\" data-id=\"579cc6ec\" data-element_type=\"widget\" data-e-type=\"widget\" data-widget_type=\"html.default\">\n\t\t\t\t<div class=\"elementor-widget-container\">\n\t\t\t\t\t\n<div class=\"wpcf7 no-js\" id=\"wpcf7-f2046-o1\" lang=\"fi\" dir=\"ltr\" data-wpcf7-id=\"2046\">\n<div class=\"screen-reader-response\"><p role=\"status\" aria-live=\"polite\" aria-atomic=\"true\"><\/p> <ul><\/ul><\/div>\n<form action=\"\/fi\/wp-json\/wp\/v2\/pages\/1959#wpcf7-f2046-o1\" method=\"post\" class=\"wpcf7-form init\" aria-label=\"Yhteydenottolomake\" novalidate=\"novalidate\" data-status=\"init\">\n<fieldset class=\"hidden-fields-container\"><input type=\"hidden\" name=\"_wpcf7\" value=\"2046\" \/><input type=\"hidden\" name=\"_wpcf7_version\" value=\"6.1.5\" \/><input type=\"hidden\" name=\"_wpcf7_locale\" value=\"fi\" \/><input type=\"hidden\" name=\"_wpcf7_unit_tag\" value=\"wpcf7-f2046-o1\" \/><input type=\"hidden\" name=\"_wpcf7_container_post\" value=\"0\" \/><input type=\"hidden\" name=\"_wpcf7_posted_data_hash\" value=\"\" \/><input type=\"hidden\" name=\"_wpcf7_recaptcha_response\" value=\"\" \/>\n<\/fieldset>\n<p><label> Nimesi<br \/>\n<span class=\"wpcf7-form-control-wrap\" data-name=\"your-name\"><input size=\"40\" maxlength=\"400\" class=\"wpcf7-form-control wpcf7-text wpcf7-validates-as-required\" aria-required=\"true\" aria-invalid=\"false\" value=\"\" type=\"text\" name=\"your-name\" \/><\/span> <\/label>\n<\/p>\n<p><label> S\u00e4hk\u00f6posti:<br \/>\n<span class=\"wpcf7-form-control-wrap\" data-name=\"your-email\"><input size=\"40\" maxlength=\"400\" class=\"wpcf7-form-control wpcf7-email wpcf7-validates-as-required wpcf7-text wpcf7-validates-as-email\" aria-required=\"true\" aria-invalid=\"false\" value=\"\" type=\"email\" name=\"your-email\" \/><\/span> <\/label>\n<\/p>\n<p><label> Puhelinnumero<br \/>\n<span class=\"wpcf7-form-control-wrap\" data-name=\"phone\"><input size=\"40\" maxlength=\"400\" class=\"wpcf7-form-control wpcf7-tel wpcf7-validates-as-required wpcf7-text wpcf7-validates-as-tel\" aria-required=\"true\" aria-invalid=\"false\" value=\"\" type=\"tel\" name=\"phone\" \/><\/span> <\/label>\n<\/p>\n<p><label> Kuvaile tilaisuutta<br \/>\n<span class=\"wpcf7-form-control-wrap\" data-name=\"ppl-syndmus\"><input size=\"40\" maxlength=\"400\" class=\"wpcf7-form-control wpcf7-text\" aria-invalid=\"false\" value=\"\" type=\"text\" name=\"ppl-syndmus\" \/><\/span> <\/label>\n<\/p>\n<p><label> Henkil\u00f6m\u00e4\u00e4r\u00e4<br \/>\n<span class=\"wpcf7-form-control-wrap\" data-name=\"ppl-number\"><input class=\"wpcf7-form-control wpcf7-number wpcf7-validates-as-number\" aria-invalid=\"false\" value=\"\" type=\"number\" name=\"ppl-number\" \/><\/span> <\/label>\n<\/p>\n<p><label> Budjetti (Minimilaskutus on 1240 \u20ac, sis\u00e4lt\u00e4en tarjoilun)<br \/>\n<span class=\"wpcf7-form-control-wrap\" data-name=\"your-budget\"><input size=\"40\" maxlength=\"400\" class=\"wpcf7-form-control wpcf7-text wpcf7-validates-as-required\" aria-required=\"true\" aria-invalid=\"false\" value=\"\" type=\"text\" name=\"your-budget\" \/><\/span> <\/label>\n<\/p>\n<p><label> P\u00e4iv\u00e4m\u00e4\u00e4r\u00e4<br \/>\n<span class=\"wpcf7-form-control-wrap\" data-name=\"date-836\"><input class=\"wpcf7-form-control wpcf7-date wpcf7-validates-as-date\" aria-invalid=\"false\" value=\"\" type=\"date\" name=\"date-836\" \/><\/span> <\/label>\n<\/p>\n<p><label> Lis\u00e4tiedot<br \/>\n<span class=\"wpcf7-form-control-wrap\" data-name=\"your-message\"><textarea cols=\"40\" rows=\"10\" maxlength=\"2000\" class=\"wpcf7-form-control wpcf7-textarea\" aria-invalid=\"false\" name=\"your-message\"><\/textarea><\/span> <\/label>\n<\/p>\n<p><span class=\"wpcf7-form-control-wrap\" data-name=\"acceptance-573\"><span class=\"wpcf7-form-control wpcf7-acceptance\"><span class=\"wpcf7-list-item\"><label><input type=\"checkbox\" name=\"acceptance-573\" value=\"1\" aria-invalid=\"false\" \/><span class=\"wpcf7-list-item-label\">Hyv\u00e4ksyn ehdot<\/span><\/label><\/span><\/span><\/span>\n<\/p>\n<p><input class=\"wpcf7-form-control wpcf7-submit has-spinner\" type=\"submit\" value=\"L\u00e4het\u00e4\" \/>\n<\/p><div class=\"wpcf7-response-output\" aria-hidden=\"true\"><\/div>\n<\/form>\n<\/div>\n\t\t\t\t<\/div>\n\t\t\t\t<\/div>\n\t\t\t\t<\/div>\n\t\t\t\t\t<\/div>\n\t\t\t\t<\/div>\n\t\t\t\t<\/div>\n\t\t","protected":false},"excerpt":{"rendered":"<p>Vistan juhlatilojen palvelut Tarjoamme k\u00e4ytt\u00f6\u00f6si juhlatiloja, joita luonnehtivat historiallinen tunnelma, huoliteltu tyyli ja erinomainen tarjoilu. Vistan juhlatilojen vuokraus tapahtuu yhdess\u00e4 tarjoilun kanssa. Tilavuokrauksen minimiveloitus on 1240 \u20ac, ja siihen sis\u00e4ltyy tarjoilu alkaen 39 \u20ac per henkil\u00f6. T\u00e4ydellisen pakettivalikoiman ja hintatietojen saamiseksi pyyd\u00e4mme ottamaan meihin yhteytt\u00e4. Tutustu Vistan mahdollisuuksiin Syntym\u00e4p\u00e4iv\u00e4n juhliminen Yritysjuhlan j\u00e4rjest\u00e4minen Juubelijuhlan vietto Tallinnan [&hellip;]<\/p>\n","protected":false},"author":2,"featured_media":1535,"parent":0,"menu_order":0,"comment_status":"closed","ping_status":"closed","template":"","meta":{"footnotes":""},"class_list":["post-1959","page","type-page","status-publish","has-post-thumbnail","hentry"],"blocksy_meta":[],"_links":{"self":[{"href":"https:\/\/tallinnvista.ee\/fi\/wp-json\/wp\/v2\/pages\/1959","targetHints":{"allow":["GET"]}}],"collection":[{"href":"https:\/\/tallinnvista.ee\/fi\/wp-json\/wp\/v2\/pages"}],"about":[{"href":"https:\/\/tallinnvista.ee\/fi\/wp-json\/wp\/v2\/types\/page"}],"author":[{"embeddable":true,"href":"https:\/\/tallinnvista.ee\/fi\/wp-json\/wp\/v2\/users\/2"}],"replies":[{"embeddable":true,"href":"https:\/\/tallinnvista.ee\/fi\/wp-json\/wp\/v2\/comments?post=1959"}],"version-history":[{"count":17,"href":"https:\/\/tallinnvista.ee\/fi\/wp-json\/wp\/v2\/pages\/1959\/revisions"}],"predecessor-version":[{"id":2141,"href":"https:\/\/tallinnvista.ee\/fi\/wp-json\/wp\/v2\/pages\/1959\/revisions\/2141"}],"wp:featuredmedia":[{"embeddable":true,"href":"https:\/\/tallinnvista.ee\/fi\/wp-json\/wp\/v2\/media\/1535"}],"wp:attachment":[{"href":"https:\/\/tallinnvista.ee\/fi\/wp-json\/wp\/v2\/media?parent=1959"}],"curies":[{"name":"wp","href":"https:\/\/api.w.org\/{rel}","templated":true}]}}